{"id":631,"date":"2017-06-30T18:47:32","date_gmt":"2017-06-30T17:47:32","guid":{"rendered":"https:\/\/www.dorthekollo.dk?page_id=631"},"modified":"2025-09-06T13:48:41","modified_gmt":"2025-09-06T11:48:41","slug":"forsidehome","status":"publish","type":"page","link":"https:\/\/www.dorthekollo.dk\/de","title":{"rendered":"Home"},"content":{"rendered":"\n<p>Vielen Dank f\u00fcr Ihren Besuch auf meiner Website.<br>Herzlich Willkommen und viel Vergn\u00fcgen.<\/p>\n\n\n\n<p>Wenn Sie eine Nachricht f\u00fcr mich haben, erreichen Sie mich \u00fcber mein Management (siehe: <a href=\"https:\/\/www.dorthekollo.dk\/de\/kontakt\">Kontakt<\/a>).<\/p>\n\n\n\n<p>Liebe Gr\u00fc\u00dfe,<br>Dorthe<\/p>\n\n\n\n<figure class=\"wp-block-image size-large is-resized\"><img loading=\"lazy\" decoding=\"async\" width=\"950\" height=\"552\" src=\"https:\/\/www.dorthekollo.dk\/wp-content\/uploads\/2014\/08\/Autograf_streg.png\" alt=\"\" class=\"wp-image-634\" style=\"width:160px;height:93px\" srcset=\"https:\/\/www.dorthekollo.dk\/wp-content\/uploads\/2014\/08\/Autograf_streg.png 950w, https:\/\/www.dorthekollo.dk\/wp-content\/uploads\/2014\/08\/Autograf_streg-300x174.png 300w\" sizes=\"(max-width: 950px) 100vw, 950px\" \/><\/figure>\n\n\n\n<figure class=\"wp-block-image size-full\"><img loading=\"lazy\" decoding=\"async\" width=\"480\" height=\"480\" src=\"https:\/\/www.dorthekollo.dk\/wp-content\/uploads\/2025\/09\/Du-bist-mein-bester-Freund_1225x1225Pixel_1MB.jpeg\" alt=\"\" class=\"wp-image-943\" style=\"aspect-ratio:1;object-fit:cover\" srcset=\"https:\/\/www.dorthekollo.dk\/wp-content\/uploads\/2025\/09\/Du-bist-mein-bester-Freund_1225x1225Pixel_1MB.jpeg 480w, https:\/\/www.dorthekollo.dk\/wp-content\/uploads\/2025\/09\/Du-bist-mein-bester-Freund_1225x1225Pixel_1MB-300x300.jpeg 300w, https:\/\/www.dorthekollo.dk\/wp-content\/uploads\/2025\/09\/Du-bist-mein-bester-Freund_1225x1225Pixel_1MB-150x150.jpeg 150w\" sizes=\"(max-width: 480px) 100vw, 480px\" \/><\/figure>\n\n\n\n<h2 class=\"wp-block-heading\"><strong>\u201eDu bist mein bester Freund&#8221;<\/strong><\/h2>\n\n\n\n<div class=\"wp-block-button skjulknap\"><a class=\"wp-block-button__link has-very-dark-gray-color has-vivid-green-cyan-background-color has-text-color has-background wp-element-button\" href=\"https:\/\/DortheKollo.lnk.to\/Captain\" target=\"_blank\" rel=\"noreferrer noopener\">Hier klicken f\u00fcr Download \/ Streaming<\/a><\/div>\n\n\n\n<div style=\"height:20px\" aria-hidden=\"true\" class=\"wp-block-spacer\"><\/div>\n\n\n\n<div class=\"wp-block-button skjulknap\"><a class=\"wp-block-button__link has-very-dark-gray-color has-vivid-green-cyan-background-color has-text-color has-background wp-element-button\" href=\"https:\/\/DortheKollo.lnk.to\/kaptajnen\" target=\"_blank\" rel=\"noreferrer noopener\">Hier klicken f\u00fcr d\u00e4nische Version<\/a><\/div>\n\n\n\n<div style=\"height:20px\" aria-hidden=\"true\" class=\"wp-block-spacer\"><\/div>\n\n\n\n<figure class=\"wp-block-embed is-type-video is-provider-youtube wp-block-embed-youtube wp-embed-aspect-16-9 wp-has-aspect-ratio skjulknap\"><div class=\"wp-block-embed__wrapper\">\n<iframe loading=\"lazy\" title=\"Dorthe Kollo - Du bist immer noch mein Captain (offizielles Lyric Video)\" width=\"1200\" height=\"675\" src=\"https:\/\/www.youtube.com\/embed\/IpC5FNJcbh0?feature=oembed\" frameborder=\"0\" allow=\"accelerometer; autoplay; encrypted-media; gyroscope; picture-in-picture\" allowfullscreen><\/iframe>\n<\/div><\/figure>\n","protected":false},"excerpt":{"rendered":"<p>Vielen Dank f\u00fcr Ihren Besuch auf meiner Website.Herzlich Willkommen und viel Vergn\u00fcgen. Wenn Sie eine Nachricht f\u00fcr mich haben, erreichen Sie mich \u00fcber mein Management (siehe: Kontakt). Liebe Gr\u00fc\u00dfe,Dorthe \u201eDu bist mein bester Freund&#8221;<\/p>\n","protected":false},"author":2,"featured_media":922,"parent":0,"menu_order":100,"comment_status":"closed","ping_status":"closed","template":"","meta":{"ngg_post_thumbnail":0,"footnotes":""},"class_list":["post-631","page","type-page","status-publish","has-post-thumbnail","hentry"],"yoast_head":"<!-- This site is optimized with the Yoast SEO plugin v23.2 - https:\/\/yoast.com\/wordpress\/plugins\/seo\/ -->\n<title>Home - Dorthe Kollo<\/title>\n<meta name=\"robots\" content=\"index, follow, max-snippet:-1, max-image-preview:large, max-video-preview:-1\" \/>\n<link rel=\"canonical\" href=\"https:\/\/www.dorthekollo.dk\/de\" \/>\n<meta property=\"og:locale\" content=\"de_DE\" \/>\n<meta property=\"og:type\" content=\"article\" \/>\n<meta property=\"og:title\" content=\"Home - Dorthe Kollo\" \/>\n<meta property=\"og:description\" content=\"Vielen Dank f\u00fcr Ihren Besuch auf meiner Website.Herzlich Willkommen und viel Vergn\u00fcgen. Wenn Sie eine Nachricht f\u00fcr mich haben, erreichen Sie mich \u00fcber mein Management (siehe: Kontakt). Liebe Gr\u00fc\u00dfe,Dorthe \u201eDu bist mein bester Freund&#8221;\" \/>\n<meta property=\"og:url\" content=\"https:\/\/www.dorthekollo.dk\/de\" \/>\n<meta property=\"og:site_name\" content=\"Dorthe Kollo\" \/>\n<meta property=\"article:publisher\" content=\"https:\/\/www.facebook.com\/dorthekollofanpage\/\" \/>\n<meta property=\"article:modified_time\" content=\"2025-09-06T11:48:41+00:00\" \/>\n<meta property=\"og:image\" content=\"https:\/\/www.dorthekollo.dk\/wp-content\/uploads\/2024\/08\/Design-ohne-Titel2.png\" \/>\n\t<meta property=\"og:image:width\" content=\"366\" \/>\n\t<meta property=\"og:image:height\" content=\"1280\" \/>\n\t<meta property=\"og:image:type\" content=\"image\/png\" \/>\n<meta name=\"twitter:card\" content=\"summary_large_image\" \/>\n<meta name=\"twitter:label1\" content=\"Gesch\u00e4tzte Lesezeit\" \/>\n\t<meta name=\"twitter:data1\" content=\"1\u00a0Minute\" \/>\n<script type=\"application\/ld+json\" class=\"yoast-schema-graph\">{\"@context\":\"https:\/\/schema.org\",\"@graph\":[{\"@type\":\"WebPage\",\"@id\":\"https:\/\/www.dorthekollo.dk\/de\",\"url\":\"https:\/\/www.dorthekollo.dk\/de\",\"name\":\"Home - Dorthe Kollo\",\"isPartOf\":{\"@id\":\"https:\/\/www.dorthekollo.dk\/#website\"},\"primaryImageOfPage\":{\"@id\":\"https:\/\/www.dorthekollo.dk\/de#primaryimage\"},\"image\":{\"@id\":\"https:\/\/www.dorthekollo.dk\/de#primaryimage\"},\"thumbnailUrl\":\"https:\/\/www.dorthekollo.dk\/wp-content\/uploads\/2024\/08\/Design-ohne-Titel2.png\",\"datePublished\":\"2017-06-30T17:47:32+00:00\",\"dateModified\":\"2025-09-06T11:48:41+00:00\",\"breadcrumb\":{\"@id\":\"https:\/\/www.dorthekollo.dk\/de#breadcrumb\"},\"inLanguage\":\"de\",\"potentialAction\":[{\"@type\":\"ReadAction\",\"target\":[\"https:\/\/www.dorthekollo.dk\/de\"]}]},{\"@type\":\"ImageObject\",\"inLanguage\":\"de\",\"@id\":\"https:\/\/www.dorthekollo.dk\/de#primaryimage\",\"url\":\"https:\/\/www.dorthekollo.dk\/wp-content\/uploads\/2024\/08\/Design-ohne-Titel2.png\",\"contentUrl\":\"https:\/\/www.dorthekollo.dk\/wp-content\/uploads\/2024\/08\/Design-ohne-Titel2.png\",\"width\":366,\"height\":1280},{\"@type\":\"BreadcrumbList\",\"@id\":\"https:\/\/www.dorthekollo.dk\/de#breadcrumb\",\"itemListElement\":[{\"@type\":\"ListItem\",\"position\":1,\"name\":\"Hjem\",\"item\":\"https:\/\/www.dorthekollo.dk\/de\"},{\"@type\":\"ListItem\",\"position\":2,\"name\":\"Home\"}]},{\"@type\":\"WebSite\",\"@id\":\"https:\/\/www.dorthekollo.dk\/#website\",\"url\":\"https:\/\/www.dorthekollo.dk\/\",\"name\":\"Dorthe Kollo\",\"description\":\"\",\"potentialAction\":[{\"@type\":\"SearchAction\",\"target\":{\"@type\":\"EntryPoint\",\"urlTemplate\":\"https:\/\/www.dorthekollo.dk\/?s={search_term_string}\"},\"query-input\":\"required name=search_term_string\"}],\"inLanguage\":\"de\"}]}<\/script>\n<!-- \/ Yoast SEO plugin. -->","yoast_head_json":{"title":"Home - Dorthe Kollo","robots":{"index":"index","follow":"follow","max-snippet":"max-snippet:-1","max-image-preview":"max-image-preview:large","max-video-preview":"max-video-preview:-1"},"canonical":"https:\/\/www.dorthekollo.dk\/de","og_locale":"de_DE","og_type":"article","og_title":"Home - Dorthe Kollo","og_description":"Vielen Dank f\u00fcr Ihren Besuch auf meiner Website.Herzlich Willkommen und viel Vergn\u00fcgen. Wenn Sie eine Nachricht f\u00fcr mich haben, erreichen Sie mich \u00fcber mein Management (siehe: Kontakt). Liebe Gr\u00fc\u00dfe,Dorthe \u201eDu bist mein bester Freund&#8221;","og_url":"https:\/\/www.dorthekollo.dk\/de","og_site_name":"Dorthe Kollo","article_publisher":"https:\/\/www.facebook.com\/dorthekollofanpage\/","article_modified_time":"2025-09-06T11:48:41+00:00","og_image":[{"width":366,"height":1280,"url":"https:\/\/www.dorthekollo.dk\/wp-content\/uploads\/2024\/08\/Design-ohne-Titel2.png","type":"image\/png"}],"twitter_card":"summary_large_image","twitter_misc":{"Gesch\u00e4tzte Lesezeit":"1\u00a0Minute"},"schema":{"@context":"https:\/\/schema.org","@graph":[{"@type":"WebPage","@id":"https:\/\/www.dorthekollo.dk\/de","url":"https:\/\/www.dorthekollo.dk\/de","name":"Home - Dorthe Kollo","isPartOf":{"@id":"https:\/\/www.dorthekollo.dk\/#website"},"primaryImageOfPage":{"@id":"https:\/\/www.dorthekollo.dk\/de#primaryimage"},"image":{"@id":"https:\/\/www.dorthekollo.dk\/de#primaryimage"},"thumbnailUrl":"https:\/\/www.dorthekollo.dk\/wp-content\/uploads\/2024\/08\/Design-ohne-Titel2.png","datePublished":"2017-06-30T17:47:32+00:00","dateModified":"2025-09-06T11:48:41+00:00","breadcrumb":{"@id":"https:\/\/www.dorthekollo.dk\/de#breadcrumb"},"inLanguage":"de","potentialAction":[{"@type":"ReadAction","target":["https:\/\/www.dorthekollo.dk\/de"]}]},{"@type":"ImageObject","inLanguage":"de","@id":"https:\/\/www.dorthekollo.dk\/de#primaryimage","url":"https:\/\/www.dorthekollo.dk\/wp-content\/uploads\/2024\/08\/Design-ohne-Titel2.png","contentUrl":"https:\/\/www.dorthekollo.dk\/wp-content\/uploads\/2024\/08\/Design-ohne-Titel2.png","width":366,"height":1280},{"@type":"BreadcrumbList","@id":"https:\/\/www.dorthekollo.dk\/de#breadcrumb","itemListElement":[{"@type":"ListItem","position":1,"name":"Hjem","item":"https:\/\/www.dorthekollo.dk\/de"},{"@type":"ListItem","position":2,"name":"Home"}]},{"@type":"WebSite","@id":"https:\/\/www.dorthekollo.dk\/#website","url":"https:\/\/www.dorthekollo.dk\/","name":"Dorthe Kollo","description":"","potentialAction":[{"@type":"SearchAction","target":{"@type":"EntryPoint","urlTemplate":"https:\/\/www.dorthekollo.dk\/?s={search_term_string}"},"query-input":"required name=search_term_string"}],"inLanguage":"de"}]}},"_links":{"self":[{"href":"https:\/\/www.dorthekollo.dk\/de\/wp-json\/wp\/v2\/pages\/631"}],"collection":[{"href":"https:\/\/www.dorthekollo.dk\/de\/wp-json\/wp\/v2\/pages"}],"about":[{"href":"https:\/\/www.dorthekollo.dk\/de\/wp-json\/wp\/v2\/types\/page"}],"author":[{"embeddable":true,"href":"https:\/\/www.dorthekollo.dk\/de\/wp-json\/wp\/v2\/users\/2"}],"replies":[{"embeddable":true,"href":"https:\/\/www.dorthekollo.dk\/de\/wp-json\/wp\/v2\/comments?post=631"}],"version-history":[{"count":16,"href":"https:\/\/www.dorthekollo.dk\/de\/wp-json\/wp\/v2\/pages\/631\/revisions"}],"predecessor-version":[{"id":945,"href":"https:\/\/www.dorthekollo.dk\/de\/wp-json\/wp\/v2\/pages\/631\/revisions\/945"}],"wp:featuredmedia":[{"embeddable":true,"href":"https:\/\/www.dorthekollo.dk\/de\/wp-json\/wp\/v2\/media\/922"}],"wp:attachment":[{"href":"https:\/\/www.dorthekollo.dk\/de\/wp-json\/wp\/v2\/media?parent=631"}],"curies":[{"name":"wp","href":"https:\/\/api.w.org\/{rel}","templated":true}]}}